{"id":103,"date":"2016-10-18T10:36:56","date_gmt":"2016-10-18T10:36:56","guid":{"rendered":"http:\/\/thesprout.co.uk\/cy\/?page_id=103"},"modified":"2023-03-31T07:24:40","modified_gmt":"2023-03-31T07:24:40","slug":"arian","status":"publish","type":"page","link":"https:\/\/thesprout.co.uk\/cy\/gwybodaeth\/arian\/","title":{"rendered":"Arian"},"content":{"rendered":"\n<h3 class=\"wp-block-heading\">Mae arian yn rhywbeth mae pobl yn poeni amdano yn aml, bod hynny&#8217;n deall sut i reoli&#8217;r arian sydd gen ti, darganfod pa arian fedri di ei gael, neu ymdopi os wyt ti&#8217;n cael i ddyled.<\/h3>\n\n\n\n<p>Mae yna lwyth o wasanaethau ar gael sydd yn gallu cynnig cymorth, cyngor a chefnogaeth pan ddaw at arian; dim ond i ti wybod ble i chwilio! Rydym yma i helpu.<\/p>\n\n\n\n<ul class=\"wp-block-list\">\n<li><strong> <a style=\"font-size: revert; font-weight: revert;\" href=\"#cenedlaethol\">Gwasanaethau cenedlaethol<\/a> <\/strong><\/li>\n\n\n\n<li><strong> <a style=\"font-size: revert; font-weight: revert;\" href=\"#apiau\">Apiau defnyddiol<\/a> <\/strong><\/li>\n\n\n\n<li><strong> <a style=\"font-size: revert; font-weight: revert;\" href=\"#blogiau\">Blogiau a chanllawiau<\/a> <\/strong><\/li>\n\n\n\n<li><strong> <a style=\"font-size: revert; font-weight: revert;\" href=\"#fideos\">Fideos<\/a> <\/strong><\/li>\n<\/ul>\n\n\n\n<figure class=\"wp-block-image\"><a href=\"http:\/\/thesprout.co.uk\/wp-content\/uploads\/2018\/09\/pound-coin-3005885_1920.jpg\"><img decoding=\"async\" src=\"http:\/\/thesprout.co.uk\/wp-content\/uploads\/2018\/09\/pound-coin-3005885_1920-1024x683.jpg\" alt=\"\" class=\"wp-image-15726\"\/><\/a><\/figure>\n\n\n\n<p class=\"has-text-align-center\"><\/p>\n\n\n\n<h3 class=\"wp-block-heading has-text-align-center\">Gwasanaethau Cenedlaethol<\/h3>\n\n\n\n<p class=\"has-text-align-center\"><a href=\"https:\/\/www.moneyadviceservice.org.uk\/cy\" target=\"_blank\" rel=\"noopener\"><strong>Gwasanaeth Cynghori Ariannol<\/strong> <\/a>&#8211; Gwybodaeth am ddyledion, cyllidebu, cynilo, budd-daliadau, yswiriant, cartrefi a mwy.<\/p>\n\n\n\n<p class=\"has-text-align-center\"><a href=\"https:\/\/www.themix.org.uk\/money\" target=\"_blank\" rel=\"noopener\"><strong>The Mix<\/strong> <\/a>&#8211; Gwasanaeth cefnogol i rai dan 25 oed. Llawer o wybodaeth yn yr adran arian.<\/p>\n\n\n\n<p class=\"has-text-align-center\"><a href=\"https:\/\/www.gov.uk\/browse\/tax\" target=\"_blank\" rel=\"noopener\"><strong>Gov.uk<\/strong> <\/a>&#8211; Gwasanaethau a gwybodaeth y llywodraeth yn eu hadran arian a threth.<\/p>\n\n\n\n<p class=\"has-text-align-center\"><a href=\"https:\/\/barclayslifeskills.com\/i-want-to-get-to-grips-with-money-and-my-payslip\/school\" target=\"_blank\" rel=\"noopener\"><strong>Hwb Sgiliau Bywyd Pobl Ifanc Barclays<\/strong> <\/a>&#8211; Nifer o ganllawiau fel 34 Ffordd i Gynilo, Egluro Slipiau Talu, 7 Ffordd i Osgoi Bod Mewn Dyled, Beth Yw Cost Benthyg a llawer mwy.<\/p>\n\n\n\n<p class=\"has-text-align-center\"><a href=\"https:\/\/www.moneysupermarket.com\/money\/\" target=\"_blank\" rel=\"noopener\"><strong>Money Super Market<\/strong> <\/a>&#8211; Gwefan cymharu prisiau gydag offer ar-lein i arbed, rheoli a thyfu dy arian. Mae&#8217;r adran arian yn edrych ar gardiau credyd, benthyciadau, cyfrifon cyfredol, cynilion a morgeisi.<\/p>\n\n\n\n<p class=\"has-text-align-center\"><a href=\"https:\/\/www.moneysavingexpert.com\/\" target=\"_blank\" rel=\"noopener\"><strong>Money Saving Expert<\/strong><\/a> &#8211; Llwyth o ganllawiau arbed arian, awgrymiadau, teclynnau a thechnegau.<\/p>\n\n\n\n<p class=\"has-text-align-center\"><a href=\"https:\/\/www.nationaldebtline.org\/EW\/Pages\/default.aspx\" target=\"_blank\" rel=\"noopener\"><strong>Llinell Ddyled Genedlaethol<\/strong><\/a> &#8211; Cyngor dyled am ddim ar 0808 808 4000 neu sgwrsio ar y we.<\/p>\n\n\n\n<p class=\"has-text-align-center\"><a href=\"https:\/\/www.turn2us.org.uk\/\" target=\"_blank\" rel=\"noopener\"><strong>Turn2Us<\/strong> <\/a>&#8211; Yn helpu pobl pan fydd pethau&#8217;n mynd yn anodd &#8211; cefnogaeth a gwybodaeth, cyfrifiannell budd-daliadau a chwiliwr grantiau.<\/p>\n\n\n<div class=\"wp-block-image\">\n<figure class=\"aligncenter\"><a href=\"http:\/\/thesprout.co.uk\/wp-content\/uploads\/2018\/09\/iphone-410311_1280.jpg\"><img decoding=\"async\" src=\"http:\/\/thesprout.co.uk\/wp-content\/uploads\/2018\/09\/iphone-410311_1280-1024x682.jpg\" alt=\"\" class=\"wp-image-15729\"\/><\/a><\/figure>\n<\/div>\n\n\n<h3 class=\"wp-block-heading has-text-align-center\">Apiau Defnyddiol<\/h3>\n\n\n\n<p class=\"has-text-align-center\"><a href=\"https:\/\/www.moneydashboard.com\/\" target=\"_blank\" rel=\"noopener\"><strong>Money Dashboard<\/strong> <\/a>&#8211; App arian a chynllunydd cyllideb. Dewisa nod a defnyddio&#8217;r app i helpu cyflawni hyn.<\/p>\n\n\n\n<p class=\"has-text-align-center\"><a href=\"https:\/\/getchip.uk\/\" target=\"_blank\" rel=\"noopener\"><strong>Chip<\/strong><\/a> &#8211; Ffordd hawdd i gynilo arian. Bydd yr app yn monitro dy wario ac yn cyfrifo faint gallet ti fforddio cynilo, ac yn trosglwyddo&#8217;r swm i dy gyfrif cynilo heb i ti orfod gwneud dim.<\/p>\n\n\n\n<p class=\"has-text-align-center\">Mae apiau taleb yn cynnig talebau a chodau disgownt fydd yn help i arbed arian. <strong><a href=\"https:\/\/www.vouchercodes.co.uk\/\" target=\"_blank\" rel=\"noopener\">VoucherCodes<\/a>, <a href=\"https:\/\/www.vouchercloud.com\/vouchercloud-app\" target=\"_blank\" rel=\"noopener\">VoucherCloud<\/a><\/strong> a <strong><a href=\"https:\/\/www.hotukdeals.com\/\" target=\"_blank\" rel=\"noopener\">HotUk Deals<\/a><\/strong> yw rhai o&#8217;r rhai mwyaf adnabyddus.<\/p>\n\n\n\n<p class=\"has-text-align-center\">Mae apiau &#8216;cashback&#8217; yn gwneud yr union hyn. Pan fyddi di&#8217;n prynu rhywbeth byddi di&#8217;n cael ychydig o arian yn \u00f4l. Mae posib lawr lwytho talebau a disgowntiau hefyd. Rho dro ar <strong><a href=\"https:\/\/www.topcashback.co.uk\/app\" target=\"_blank\" rel=\"noopener\">TopCashback<\/a> <\/strong>neu <strong><a href=\"https:\/\/www.quidco.com\/app\/\" target=\"_blank\" rel=\"noopener\">Quidco<\/a>.<\/strong><\/p>\n\n\n\n<p class=\"has-text-align-center\">Mae apiau cymharu prisiau yn chwilio am y fargen orau i ti ar-lein ac yn y siopau. Gallet ti gymharu prisiau siop bwyd mewn gwahanol archfarchnadoedd ar <strong><a href=\"http:\/\/www.mysupermarket.co.uk\/cleancontent\/landingpages\/landingpage\/mobilelandingpage\" target=\"_blank\" rel=\"noopener\">MySupermarket<\/a>.<\/strong> Os wyt ti&#8217;n gweld rhywbeth hoffet ti ei brynu, yna noda&#8217;r eitem, neu sganio&#8217;r cod bar i mewn i&#8217;r app <strong><a href=\"https:\/\/www.idealo.co.uk\/\" target=\"_blank\" rel=\"noopener\">Idealo<\/a> <\/strong>i ddarganfod y pris rhataf.<\/p>\n\n\n\n<p class=\"has-text-align-center\"><a href=\"https:\/\/www.payfriendz.com\/\" target=\"_blank\" rel=\"noopener\"><strong>Payfriendz<\/strong><\/a> &#8211; Ffordd hawdd i dalu ffrindiau yn \u00f4l heb iddynt orfod swnian arnat ti. Gr\u00eat os wyt ti&#8217;n trefnu gweithgareddau gr\u0175p yn aml gyda ffrindiau.<\/p>\n\n\n\n<p class=\"has-text-align-center\">Gwertha dy hen stwff a gwneud arian. Mae apiau fel <a href=\"https:\/\/www.musicmagpie.co.uk\/get-our-free-app\/\" target=\"_blank\" rel=\"noopener\"><strong>MusicMagpie<\/strong><\/a> a <a href=\"https:\/\/www.webuybooks.co.uk\/app\/\" target=\"_blank\" rel=\"noopener\"><strong>WeBuyBooks<\/strong><\/a> yn prynu dy hen CDs, DVDs, gemau a llyfrau. Y peth gorau am yr apiau yma ydy bod posib gwerthu swmp o eitemau yn sydyn, ond os oes gen ti amser ac amynedd yna byddi di&#8217;n debygol o gael mwy o arian yn eu gwerthu&#8217;n unigol ar<strong> <a href=\"https:\/\/www.ebay.co.uk\/?ul_alt=store&amp;ul_noapp=true\" target=\"_blank\" rel=\"noopener\">eBay<\/a>.<\/strong><\/p>\n\n\n\n<p class=\"has-text-align-center\"><a href=\"https:\/\/www.meiccymru.org\/cym\/\" target=\"_blank\" rel=\"noopener\"><strong>Meic<\/strong><\/a> &#8211; Os wyt ti angen gwybodaeth bellach am unrhyw faterion ariannol a gwasanaethau fydda\u2019n gallu helpu, cysyllta \u00e2\u2019r llinell gymorth<strong> <a href=\"https:\/\/www.meiccymru.org\/cym\/\" target=\"_blank\" rel=\"noopener\">Meic<\/a>.<\/strong> Mae Meic yn llinell gymorth eiriolaeth, cyngor a gwybodaeth i blant a phobl ifanc yng Nghymru. Galwa am ddim ar 080880 23456, neges testun 84001 neu <a href=\"https:\/\/www.meiccymru.org\/cym\/\" target=\"_blank\" rel=\"noopener\">IM<\/a>.<\/p>\n\n\n\n<h3 class=\"wp-block-heading has-text-align-center\">Blogiau a Chanllawiau<\/h3>\n\n\n\n<p class=\"has-text-align-center\"><a href=\"https:\/\/www.moneysavingexpert.com\/family\/young-adults-moneysaving\/\" target=\"_blank\" rel=\"noopener\"><em>Awgrymiadau cynilo arian i rai dan 25 oed<\/em> <\/a>&#8211; Money Saving Expert<\/p>\n\n\n\n<p class=\"has-text-align-center\"><a href=\"https:\/\/www.vice.com\/en_uk\/article\/vd8qxa\/understanding-the-different-kind-of-pensions\" target=\"_blank\" rel=\"noopener\"><em>Canllaw i ddeall y gwahanol fathau o bensiynau fel nad wyt ti&#8217;n marw mewn tlodi<\/em> <\/a>&#8211; Vice<\/p>\n\n\n\n<p class=\"has-text-align-center\"><a href=\"https:\/\/www.moneyadviceservice.org.uk\/cy\/articles\/canllaw-syml-i-reoli-eich-arian\" target=\"_blank\" rel=\"noopener\"><em>Canllaw rheoli dy arian i ddechreuwyr<\/em><\/a> &#8211; MoneyAdviceService<\/p>\n\n\n\n<h3 class=\"wp-block-heading has-text-align-center\">Fideos<\/h3>\n\n\n\n<figure class=\"wp-block-embed is-type-video is-provider-youtube wp-block-embed-youtube wp-embed-aspect-16-9 wp-has-aspect-ratio\"><div class=\"wp-block-embed__wrapper\">\n<iframe loading=\"lazy\" title=\"Young drivers&#039; insurance - Money Advice Service\" width=\"500\" height=\"281\" src=\"https:\/\/www.youtube.com\/embed\/YIRPhAfGbQs?feature=oembed\" frameborder=\"0\" allow=\"accelerometer; autoplay; clipboard-write; encrypted-media; gyroscope; picture-in-picture; web-share\" referrerpolicy=\"strict-origin-when-cross-origin\" allowfullscreen><\/iframe>\n<\/div><\/figure>\n\n\n\n<figure class=\"wp-block-embed is-type-video is-provider-youtube wp-block-embed-youtube wp-embed-aspect-16-9 wp-has-aspect-ratio\"><div class=\"wp-block-embed__wrapper\">\n<iframe loading=\"lazy\" title=\"Living on a budget\" width=\"500\" height=\"281\" src=\"https:\/\/www.youtube.com\/embed\/v1s1lMoZPnY?feature=oembed\" frameborder=\"0\" allow=\"accelerometer; autoplay; clipboard-write; encrypted-media; gyroscope; picture-in-picture; web-share\" referrerpolicy=\"strict-origin-when-cross-origin\" allowfullscreen><\/iframe>\n<\/div><\/figure>\n","protected":false},"excerpt":{"rendered":"<p>Mae arian yn rhywbeth mae pobl yn poeni amdano yn aml, bod hynny&#8217;n deall sut i reoli&#8217;r arian sydd gen ti, darganfod pa arian fedri di ei gael, neu ymdopi&#8230;<\/p>\n","protected":false},"author":3,"featured_media":3634,"parent":31,"menu_order":1,"comment_status":"closed","ping_status":"closed","template":"page-info.php","meta":{"_acf_changed":false,"footnotes":""},"class_list":["post-103","page","type-page","status-publish","has-post-thumbnail","hentry"],"acf":[],"aioseo_notices":[],"_links":{"self":[{"href":"https:\/\/thesprout.co.uk\/cy\/wp-json\/wp\/v2\/pages\/103","targetHints":{"allow":["GET"]}}],"collection":[{"href":"https:\/\/thesprout.co.uk\/cy\/wp-json\/wp\/v2\/pages"}],"about":[{"href":"https:\/\/thesprout.co.uk\/cy\/wp-json\/wp\/v2\/types\/page"}],"author":[{"embeddable":true,"href":"https:\/\/thesprout.co.uk\/cy\/wp-json\/wp\/v2\/users\/3"}],"replies":[{"embeddable":true,"href":"https:\/\/thesprout.co.uk\/cy\/wp-json\/wp\/v2\/comments?post=103"}],"version-history":[{"count":15,"href":"https:\/\/thesprout.co.uk\/cy\/wp-json\/wp\/v2\/pages\/103\/revisions"}],"predecessor-version":[{"id":5319,"href":"https:\/\/thesprout.co.uk\/cy\/wp-json\/wp\/v2\/pages\/103\/revisions\/5319"}],"up":[{"embeddable":true,"href":"https:\/\/thesprout.co.uk\/cy\/wp-json\/wp\/v2\/pages\/31"}],"wp:featuredmedia":[{"embeddable":true,"href":"https:\/\/thesprout.co.uk\/cy\/wp-json\/wp\/v2\/media\/3634"}],"wp:attachment":[{"href":"https:\/\/thesprout.co.uk\/cy\/wp-json\/wp\/v2\/media?parent=103"}],"curies":[{"name":"wp","href":"https:\/\/api.w.org\/{rel}","templated":true}]}}